{"id":72,"date":"2013-03-19T22:57:52","date_gmt":"2013-03-19T21:57:52","guid":{"rendered":"http:\/\/saketmassage.se\/?page_id=72"},"modified":"2025-01-11T21:15:00","modified_gmt":"2025-01-11T20:15:00","slug":"kontaktuppgifter","status":"publish","type":"page","link":"https:\/\/saketmassage.se\/?page_id=72","title":{"rendered":"Kontaktuppgifter"},"content":{"rendered":"<p><span style=\"text-decoration: underline;\">Bes\u00f6ks- och postadress:<\/span><br \/>\nMorkullev\u00e4gen 21<br \/>\n891 40 \u00d6rnsk\u00f6ldsvik<br \/>\ntel. 072-214 05 05<br \/>\ntel. 070-243 76 36<\/p>\n<p>Tips! Anv\u00e4nd kartans <a title=\"v\u00e4gbeskrivning\" href=\"http:\/\/kartor.eniro.se\/v%C3%A4gbeskrivning\/a\/Morkullev%C3%A4gen%2021,%20%C3%96RNSK%C3%96LDSVIK\">v\u00e4gbeskrivning<\/a>, f\u00f6r att hitta hit!<\/p>\n<p><a href=\"http:\/\/saketmassage.se\/wp-content\/uploads\/2019\/12\/IMG_3573-rotated.jpg\"><img loading=\"lazy\" decoding=\"async\" class=\"alignnone size-thumbnail wp-image-360\" src=\"http:\/\/saketmassage.se\/wp-content\/uploads\/2019\/12\/IMG_3573-150x150.jpg\" alt=\"\" width=\"150\" height=\"150\" \/><\/a><\/p>\n<p>Det tar c:a 15 minuter med buss <a title=\"Linje 6\" href=\"http:\/\/www.dintur.se\/Turlistor\/Stadstrafik\/150809_151212\/Stadstrafik_Ornskoldsvikskommun%28OVIK%29_6_150809_151212.pdf\">Linje 406<\/a> fr\u00e5n \u00d6rnparken till h\u00e5llplats Trastv\u00e4gen, inom bekv\u00e4mt g\u00e5ngavst\u00e5nd (75 m).<\/p>\n<p><a href=\"javascript:secureDecryptAndNavigate('0dt0u1RJlWaQrpEH6p6vHWn1tgAJuwol8kqR7BhFZY8zKJO9TiXMFMQfzjLu74lSuZvTrSCpqYg+\/SxsjrnwdeOJHUCkOTIix6DvPg==', '7a9d59bbf8c4ec67cf4ff399b3420b2a51f41435d87af61a821c73d474da4d90')\">epost<\/a> <span style=\"color: #ff0000;\">OBS! Ej f\u00f6r bokning! Boka via telefon 072-2140505 ist\u00e4llet!<\/span><\/p>\n<p>&nbsp;<\/p>\n<p>&nbsp;<\/p>\n","protected":false},"excerpt":{"rendered":"<p>Bes\u00f6ks- och postadress: Morkullev\u00e4gen 21 891 40 \u00d6rnsk\u00f6ldsvik tel. 072-214 05 05 tel. 070-243 76 36 Tips! Anv\u00e4nd kartans v\u00e4gbeskrivning, f\u00f6r att hitta hit! Det tar c:a 15 minuter med buss Linje 406 fr\u00e5n \u00d6rnparken till h\u00e5llplats Trastv\u00e4gen, inom bekv\u00e4mt &hellip; <a href=\"https:\/\/saketmassage.se\/?page_id=72\">Forts\u00e4tt l\u00e4sa <span class=\"meta-nav\">&rarr;<\/span><\/a><\/p>\n","protected":false},"author":1,"featured_media":0,"parent":0,"menu_order":4,"comment_status":"closed","ping_status":"open","template":"","meta":{"footnotes":""},"class_list":["post-72","page","type-page","status-publish","hentry"],"_links":{"self":[{"href":"https:\/\/saketmassage.se\/index.php?rest_route=\/wp\/v2\/pages\/72","targetHints":{"allow":["GET"]}}],"collection":[{"href":"https:\/\/saketmassage.se\/index.php?rest_route=\/wp\/v2\/pages"}],"about":[{"href":"https:\/\/saketmassage.se\/index.php?rest_route=\/wp\/v2\/types\/page"}],"author":[{"embeddable":true,"href":"https:\/\/saketmassage.se\/index.php?rest_route=\/wp\/v2\/users\/1"}],"replies":[{"embeddable":true,"href":"https:\/\/saketmassage.se\/index.php?rest_route=%2Fwp%2Fv2%2Fcomments&post=72"}],"version-history":[{"count":40,"href":"https:\/\/saketmassage.se\/index.php?rest_route=\/wp\/v2\/pages\/72\/revisions"}],"predecessor-version":[{"id":512,"href":"https:\/\/saketmassage.se\/index.php?rest_route=\/wp\/v2\/pages\/72\/revisions\/512"}],"wp:attachment":[{"href":"https:\/\/saketmassage.se\/index.php?rest_route=%2Fwp%2Fv2%2Fmedia&parent=72"}],"curies":[{"name":"wp","href":"https:\/\/api.w.org\/{rel}","templated":true}]}}