{"id":431,"date":"2021-10-03T20:56:08","date_gmt":"2021-10-03T19:56:08","guid":{"rendered":"https:\/\/saketmassage.se\/?page_id=431"},"modified":"2024-12-30T22:57:07","modified_gmt":"2024-12-30T21:57:07","slug":"presentkort","status":"publish","type":"page","link":"https:\/\/saketmassage.se\/?page_id=431","title":{"rendered":"Presentkort"},"content":{"rendered":"<h2>Ge bort ett presentkort till n\u00e5gon du tycker om!<\/h2>\n<p>Presentkort \u00e4r fina g\u00e5vor till n\u00e4ra och k\u00e4ra.<\/p>\n<p><a href=\"https:\/\/saketmassage.se\/wp-content\/uploads\/2021\/10\/IMG_0304_Presentkort.jpg\"><img loading=\"lazy\" decoding=\"async\" class=\"size-medium wp-image-416 alignleft\" src=\"https:\/\/saketmassage.se\/wp-content\/uploads\/2021\/10\/IMG_0304_Presentkort-300x285.jpg\" alt=\"\" width=\"300\" height=\"285\" srcset=\"https:\/\/saketmassage.se\/wp-content\/uploads\/2021\/10\/IMG_0304_Presentkort-300x285.jpg 300w, https:\/\/saketmassage.se\/wp-content\/uploads\/2021\/10\/IMG_0304_Presentkort.jpg 720w\" sizes=\"auto, (max-width: 300px) 100vw, 300px\" \/><\/a><strong>Prisexempel:<\/strong><br \/>\n<strong>60 min. Helkroppsmassage<\/strong><\/p>\n<p><strong>\u2022\u00a0 <\/strong>1 st:\u00a0 <strong><span style=\"color: #008000;\">750:-<\/span><br \/>\n<\/strong><strong>\u2022\u00a0 <\/strong>5 st: <strong><span style=\"color: #008000;\">3375:-<\/span><br \/>\n<\/strong><strong>\u2022 <\/strong>10 st: <strong><span style=\"color: #008000;\">6750:-<\/span><\/strong><\/p>\n<p>&nbsp;<\/p>\n<p>&nbsp;<\/p>\n<p>&nbsp;<\/p>\n<p>OBS! Man kan inte utnyttja friskv\u00e5rdsbidrag t.ex. genom Epassi till att k\u00f6pa presentkort, eftersom friskv\u00e5rdsbidraget \u00e4r personligt.<\/p>\n","protected":false},"excerpt":{"rendered":"<p>Ge bort ett presentkort till n\u00e5gon du tycker om! Presentkort \u00e4r fina g\u00e5vor till n\u00e4ra och k\u00e4ra. Prisexempel: 60 min. Helkroppsmassage \u2022\u00a0 1 st:\u00a0 750:- \u2022\u00a0 5 st: 3375:- \u2022 10 st: 6750:- &nbsp; &nbsp; &nbsp; OBS! Man kan inte &hellip; <a href=\"https:\/\/saketmassage.se\/?page_id=431\">Forts\u00e4tt l\u00e4sa <span class=\"meta-nav\">&rarr;<\/span><\/a><\/p>\n","protected":false},"author":1,"featured_media":0,"parent":0,"menu_order":0,"comment_status":"closed","ping_status":"closed","template":"","meta":{"footnotes":""},"class_list":["post-431","page","type-page","status-publish","hentry"],"_links":{"self":[{"href":"https:\/\/saketmassage.se\/index.php?rest_route=\/wp\/v2\/pages\/431","targetHints":{"allow":["GET"]}}],"collection":[{"href":"https:\/\/saketmassage.se\/index.php?rest_route=\/wp\/v2\/pages"}],"about":[{"href":"https:\/\/saketmassage.se\/index.php?rest_route=\/wp\/v2\/types\/page"}],"author":[{"embeddable":true,"href":"https:\/\/saketmassage.se\/index.php?rest_route=\/wp\/v2\/users\/1"}],"replies":[{"embeddable":true,"href":"https:\/\/saketmassage.se\/index.php?rest_route=%2Fwp%2Fv2%2Fcomments&post=431"}],"version-history":[{"count":9,"href":"https:\/\/saketmassage.se\/index.php?rest_route=\/wp\/v2\/pages\/431\/revisions"}],"predecessor-version":[{"id":507,"href":"https:\/\/saketmassage.se\/index.php?rest_route=\/wp\/v2\/pages\/431\/revisions\/507"}],"wp:attachment":[{"href":"https:\/\/saketmassage.se\/index.php?rest_route=%2Fwp%2Fv2%2Fmedia&parent=431"}],"curies":[{"name":"wp","href":"https:\/\/api.w.org\/{rel}","templated":true}]}}