{"id":25,"date":"2013-02-11T21:14:26","date_gmt":"2013-02-11T20:14:26","guid":{"rendered":"http:\/\/saketmassage.se\/?page_id=25"},"modified":"2026-01-12T22:39:19","modified_gmt":"2026-01-12T21:39:19","slug":"erbjudanden","status":"publish","type":"page","link":"https:\/\/saketmassage.se\/?page_id=25","title":{"rendered":"Erbjudanden"},"content":{"rendered":"<h2 style=\"text-align: left;\"><strong><span style=\"color: #ff0000;\"><span style=\"color: #000000;\"><span style=\"color: #0000ff;\">Min mest popul\u00e4ra behandling:<br \/>\n<\/span><\/span><\/span><\/strong><span style=\"color: #0000ff;\"><strong><span style=\"color: #0000ff;\">90 minuter med olja och varm\u00f6rt f\u00f6r<\/span> <del>1200:-<\/del> <span style=\"color: #ff0000;\">980:-<\/span><\/strong><\/span><\/h2>\n<h3 style=\"text-align: left;\"><span style=\"color: #0000ff;\"><span style=\"color: #008000;\"><em>Med traditionell v\u00e4lg\u00f6rande Thaimassage som l\u00f6ser upp muskelknutar och minskar sp\u00e4nningar, samt en avslappnande och mjukg\u00f6rande Aromaoljemassage, som avslutas med en sk\u00f6n Varm \u00f6rtbehandling f\u00f6r \u00f6kad cirkulation och v\u00e4lbefinnande i hela kroppen.<\/em><\/span><\/span><\/h3>\n<p>&nbsp;<\/p>\n<h3 style=\"text-align: left;\"><span style=\"color: #ff0000;\"><span style=\"color: #008000;\">Du kan f\u00f6rst\u00e5s ocks\u00e5 k\u00f6pa <a href=\"https:\/\/saketmassage.se\/?page_id=431\">presentkort<\/a> till detta pris som g\u00e5va till din k\u00e4ra!<\/span><br \/>\n<\/span><\/h3>\n<p><a href=\"http:\/\/saketmassage.se\/wp-content\/uploads\/2011\/10\/\u00d6rtmassage2.jpg\"><img loading=\"lazy\" decoding=\"async\" class=\" size-medium wp-image-42 alignleft\" src=\"http:\/\/saketmassage.se\/wp-content\/uploads\/2011\/10\/\u00d6rtmassage2-300x200.jpg\" alt=\"\u00d6rtmassage2\" width=\"300\" height=\"200\" srcset=\"https:\/\/saketmassage.se\/wp-content\/uploads\/2011\/10\/\u00d6rtmassage2-300x200.jpg 300w, https:\/\/saketmassage.se\/wp-content\/uploads\/2011\/10\/\u00d6rtmassage2.jpg 450w\" sizes=\"auto, (max-width: 300px) 100vw, 300px\" \/><\/a><strong><span style=\"color: #ff0000;\"><a href=\"http:\/\/saketmassage.se\/wp-content\/uploads\/2011\/10\/Bricka2.jpg\"><img loading=\"lazy\" decoding=\"async\" class=\"wp-image-41 alignleft\" src=\"http:\/\/saketmassage.se\/wp-content\/uploads\/2011\/10\/Bricka2-150x150.jpg\" alt=\"\" width=\"197\" height=\"197\" \/><\/a><\/span><\/strong><\/p>\n<p>&nbsp;<\/p>\n<p>&nbsp;<\/p>\n<p>&nbsp;<\/p>\n<p>&nbsp;<\/p>\n<p><a href=\"http:\/\/saketmassage.se\/wp-content\/uploads\/2019\/12\/IMG_3781-rotated.jpg\"><img loading=\"lazy\" decoding=\"async\" class=\"alignnone wp-image-346\" src=\"http:\/\/saketmassage.se\/wp-content\/uploads\/2019\/12\/IMG_3781-150x150.jpg\" alt=\"\" width=\"177\" height=\"177\" \/><\/a><a href=\"http:\/\/saketmassage.se\/wp-content\/uploads\/2019\/12\/IMG_6491.jpg\"><img loading=\"lazy\" decoding=\"async\" class=\"alignnone wp-image-342\" src=\"http:\/\/saketmassage.se\/wp-content\/uploads\/2019\/12\/IMG_6491-150x150.jpg\" alt=\"\" width=\"177\" height=\"177\" \/><\/a><a href=\"http:\/\/saketmassage.se\/wp-content\/uploads\/2019\/12\/IMG_3776-rotated.jpg\"><img loading=\"lazy\" decoding=\"async\" class=\"alignnone wp-image-345\" src=\"http:\/\/saketmassage.se\/wp-content\/uploads\/2019\/12\/IMG_3776-150x150.jpg\" alt=\"\" width=\"177\" height=\"177\" \/><\/a><\/p>\n<h4><\/h4>\n","protected":false},"excerpt":{"rendered":"<p>Min mest popul\u00e4ra behandling: 90 minuter med olja och varm\u00f6rt f\u00f6r 1200:- 980:- Med traditionell v\u00e4lg\u00f6rande Thaimassage som l\u00f6ser upp muskelknutar och minskar sp\u00e4nningar, samt en avslappnande och mjukg\u00f6rande Aromaoljemassage, som avslutas med en sk\u00f6n Varm \u00f6rtbehandling f\u00f6r \u00f6kad cirkulation &hellip; <a href=\"https:\/\/saketmassage.se\/?page_id=25\">Forts\u00e4tt l\u00e4sa <span class=\"meta-nav\">&rarr;<\/span><\/a><\/p>\n","protected":false},"author":1,"featured_media":0,"parent":0,"menu_order":0,"comment_status":"closed","ping_status":"open","template":"","meta":{"footnotes":""},"class_list":["post-25","page","type-page","status-publish","hentry"],"_links":{"self":[{"href":"https:\/\/saketmassage.se\/index.php?rest_route=\/wp\/v2\/pages\/25","targetHints":{"allow":["GET"]}}],"collection":[{"href":"https:\/\/saketmassage.se\/index.php?rest_route=\/wp\/v2\/pages"}],"about":[{"href":"https:\/\/saketmassage.se\/index.php?rest_route=\/wp\/v2\/types\/page"}],"author":[{"embeddable":true,"href":"https:\/\/saketmassage.se\/index.php?rest_route=\/wp\/v2\/users\/1"}],"replies":[{"embeddable":true,"href":"https:\/\/saketmassage.se\/index.php?rest_route=%2Fwp%2Fv2%2Fcomments&post=25"}],"version-history":[{"count":55,"href":"https:\/\/saketmassage.se\/index.php?rest_route=\/wp\/v2\/pages\/25\/revisions"}],"predecessor-version":[{"id":528,"href":"https:\/\/saketmassage.se\/index.php?rest_route=\/wp\/v2\/pages\/25\/revisions\/528"}],"wp:attachment":[{"href":"https:\/\/saketmassage.se\/index.php?rest_route=%2Fwp%2Fv2%2Fmedia&parent=25"}],"curies":[{"name":"wp","href":"https:\/\/api.w.org\/{rel}","templated":true}]}}