{"id":2,"date":"2011-10-24T06:34:03","date_gmt":"2011-10-24T06:34:03","guid":{"rendered":"http:\/\/saketmassage.se\/\/?page_id=2"},"modified":"2026-01-12T22:34:27","modified_gmt":"2026-01-12T21:34:27","slug":"sample-page","status":"publish","type":"page","link":"https:\/\/saketmassage.se\/","title":{"rendered":"Varmt v\u00e4lkommen!"},"content":{"rendered":"<p><strong><span style=\"color: #ff0000;\"><a href=\"https:\/\/saketmassage.se\/wp-content\/uploads\/2021\/10\/IMG_6990_RP_presentation.jpg\"><img loading=\"lazy\" decoding=\"async\" class=\" wp-image-417 alignleft\" src=\"https:\/\/saketmassage.se\/wp-content\/uploads\/2021\/10\/IMG_6990_RP_presentation-114x300.jpg\" alt=\"\" width=\"143\" height=\"376\" srcset=\"https:\/\/saketmassage.se\/wp-content\/uploads\/2021\/10\/IMG_6990_RP_presentation-114x300.jpg 114w, https:\/\/saketmassage.se\/wp-content\/uploads\/2021\/10\/IMG_6990_RP_presentation-388x1024.jpg 388w, https:\/\/saketmassage.se\/wp-content\/uploads\/2021\/10\/IMG_6990_RP_presentation.jpg 485w\" sizes=\"auto, (max-width: 143px) 100vw, 143px\" \/><\/a><\/span><\/strong><\/p>\n<p><strong><span style=\"color: #800080;\">Hejsan!<\/span><\/strong><\/p>\n<p><strong><span style=\"color: #800080;\">Jag heter Ranee och jag \u00e4r utbildad Thaimass\u00f6r med \u00f6ver 500 timmars utbildning och mer \u00e4n 10 \u00e5rs erfarenhet.<\/span><\/strong><br \/>\n<strong><span style=\"color: #800080;\">Jag \u00e4lskar massage, d\u00e4rf\u00f6r vill jag ocks\u00e5 hj\u00e4lpa andra att f\u00e5 b\u00e4ttre v\u00e4lbefinnande.<\/span><\/strong><br \/>\n<strong><span style=\"color: #800080;\">Kroppen beh\u00f6ver avslappning och blodcirkulation f\u00f6r att orka mer och komma i balans. Massage \u00e4r bra som f\u00f6rebyggande behandling som kan hj\u00e4lpa alla, gammal som ung!<\/span><\/strong><\/p>\n<p><b>Massage kan lindra och hj\u00e4lpa n\u00e4r du t.ex:<\/b><\/p>\n<ul>\n<li><strong><strong><b>K\u00e4nner dig tr\u00f6tt och orkesl\u00f6s<\/b><\/strong><\/strong><\/li>\n<li><strong><strong><b>Har sm\u00e4rta i axlar och nacke<\/b><\/strong><\/strong><\/li>\n<li><strong><strong><b>Har sp\u00e4nningshuvudv\u00e4rk<\/b><\/strong><\/strong><\/li>\n<li><strong><strong><b>Har ryggont, ont i l\u00e5r och vader<\/b><\/strong><\/strong><\/li>\n<li><strong><strong><b>Har muskelv\u00e4rk och muskelknutor<\/b><\/strong><\/strong><\/li>\n<li><strong><strong><b>K\u00e4nner dig nere, men inte vet vad det beror p\u00e5<\/b><\/strong><\/strong><\/li>\n<\/ul>\n<p style=\"text-align: left;\" align=\"center\"><strong>Massage bidrar till avslappning och \u00f6kad blodcirkulation som alla kroppar beh\u00f6ver. Efter massagen kan du uppleva att du orkar mer och presterar b\u00e4ttre, som om du f\u00e5tt &#8221;nyladdade batterier&#8221;.<br \/>\n<\/strong><\/p>\n<h2 style=\"text-align: left;\" align=\"center\"><strong><span style=\"color: #800000;\">Thaimassage \u201dDin investering i b\u00e4ttre h\u00e4lsa\u201d<\/span><\/strong><\/h2>\n<p><a href=\"http:\/\/saketmassage.se\/wp-content\/uploads\/2019\/12\/IMG_3776-rotated.jpg\"><img loading=\"lazy\" decoding=\"async\" class=\"alignnone wp-image-345\" src=\"http:\/\/saketmassage.se\/wp-content\/uploads\/2019\/12\/IMG_3776-150x150.jpg\" alt=\"\" width=\"150\" height=\"150\" \/><\/a><a href=\"http:\/\/saketmassage.se\/wp-content\/uploads\/2019\/12\/IMG_6491.jpg\"><img loading=\"lazy\" decoding=\"async\" class=\"alignnone size-thumbnail wp-image-342\" src=\"http:\/\/saketmassage.se\/wp-content\/uploads\/2019\/12\/IMG_6491-150x150.jpg\" alt=\"\" width=\"150\" height=\"150\" \/><\/a><a href=\"http:\/\/saketmassage.se\/wp-content\/uploads\/2019\/12\/IMG_3781-rotated.jpg\"><img loading=\"lazy\" decoding=\"async\" class=\"alignnone size-thumbnail wp-image-346\" src=\"http:\/\/saketmassage.se\/wp-content\/uploads\/2019\/12\/IMG_3781-150x150.jpg\" alt=\"\" width=\"150\" height=\"150\" \/><\/a><\/p>\n<p><a href=\"http:\/\/saketmassage.se\/wp-content\/uploads\/2013\/02\/IMG_1434.jpg\"><img loading=\"lazy\" decoding=\"async\" class=\"alignnone size-thumbnail wp-image-181\" src=\"http:\/\/saketmassage.se\/wp-content\/uploads\/2013\/02\/IMG_1434-150x150.jpg\" alt=\"\" width=\"150\" height=\"150\" \/><\/a><a href=\"http:\/\/saketmassage.se\/wp-content\/uploads\/2013\/02\/IMG_21701.jpg\"><img loading=\"lazy\" decoding=\"async\" class=\"alignnone size-thumbnail wp-image-182\" src=\"http:\/\/saketmassage.se\/wp-content\/uploads\/2013\/02\/IMG_21701-150x150.jpg\" alt=\"\" width=\"150\" height=\"150\" \/><\/a><a href=\"http:\/\/saketmassage.se\/wp-content\/uploads\/2019\/12\/IMG_6516-rotated.jpg\"><img loading=\"lazy\" decoding=\"async\" class=\"alignnone size-thumbnail wp-image-343\" src=\"http:\/\/saketmassage.se\/wp-content\/uploads\/2019\/12\/IMG_6516-150x150.jpg\" alt=\"\" width=\"150\" height=\"150\" \/><\/a><\/p>\n<p style=\"text-align: left;\" align=\"center\">\u00a0\u00a0 <a href=\"http:\/\/saketmassage.se\/wp-content\/uploads\/2015\/02\/SAM_1264_2.jpg\"><img loading=\"lazy\" decoding=\"async\" class=\"alignnone size-medium wp-image-157\" src=\"http:\/\/saketmassage.se\/wp-content\/uploads\/2015\/02\/SAM_1264_2-230x300.jpg\" alt=\"SAMSUNG CSC\" width=\"230\" height=\"300\" srcset=\"https:\/\/saketmassage.se\/wp-content\/uploads\/2015\/02\/SAM_1264_2-230x300.jpg 230w, https:\/\/saketmassage.se\/wp-content\/uploads\/2015\/02\/SAM_1264_2-787x1024.jpg 787w, https:\/\/saketmassage.se\/wp-content\/uploads\/2015\/02\/SAM_1264_2.jpg 1246w\" sizes=\"auto, (max-width: 230px) 100vw, 230px\" \/><\/a> <a href=\"http:\/\/saketmassage.se\/wp-content\/uploads\/2019\/12\/IMG_3773-rotated.jpg\"><img loading=\"lazy\" decoding=\"async\" class=\"alignnone wp-image-356\" src=\"http:\/\/saketmassage.se\/wp-content\/uploads\/2019\/12\/IMG_3773-150x150.jpg\" alt=\"\" width=\"300\" height=\"300\" \/><\/a><\/p>\n<p><a href=\"http:\/\/saketmassage.se\/wp-content\/uploads\/2011\/10\/IMG_85071.jpg\"><img loading=\"lazy\" decoding=\"async\" class=\"alignnone wp-image-304 \" src=\"http:\/\/saketmassage.se\/wp-content\/uploads\/2011\/10\/IMG_85071-150x150.jpg\" alt=\"\" width=\"186\" height=\"186\" \/><\/a><a href=\"http:\/\/saketmassage.se\/wp-content\/uploads\/2015\/02\/SAM_1496_1.jpg\"><img loading=\"lazy\" decoding=\"async\" class=\"alignnone wp-image-162\" src=\"http:\/\/saketmassage.se\/wp-content\/uploads\/2015\/02\/SAM_1496_1-225x300.jpg\" alt=\"SAMSUNG CSC\" width=\"200\" height=\"267\" srcset=\"https:\/\/saketmassage.se\/wp-content\/uploads\/2015\/02\/SAM_1496_1-225x300.jpg 225w, https:\/\/saketmassage.se\/wp-content\/uploads\/2015\/02\/SAM_1496_1-768x1024.jpg 768w, https:\/\/saketmassage.se\/wp-content\/uploads\/2015\/02\/SAM_1496_1.jpg 1756w\" sizes=\"auto, (max-width: 200px) 100vw, 200px\" \/><\/a><\/p>\n<p><a href=\"http:\/\/saketmassage.se\/wp-content\/uploads\/2015\/02\/SAM_1280.jpg\"><img loading=\"lazy\" decoding=\"async\" class=\"alignnone size-medium wp-image-160\" src=\"http:\/\/saketmassage.se\/wp-content\/uploads\/2015\/02\/SAM_1280-200x300.jpg\" alt=\"SAMSUNG CSC\" width=\"200\" height=\"300\" srcset=\"https:\/\/saketmassage.se\/wp-content\/uploads\/2015\/02\/SAM_1280-200x300.jpg 200w, https:\/\/saketmassage.se\/wp-content\/uploads\/2015\/02\/SAM_1280-683x1024.jpg 683w, https:\/\/saketmassage.se\/wp-content\/uploads\/2015\/02\/SAM_1280.jpg 1984w\" sizes=\"auto, (max-width: 200px) 100vw, 200px\" \/><\/a> <a href=\"http:\/\/saketmassage.se\/wp-content\/uploads\/2015\/02\/SAM_1283_1.jpg\"><img loading=\"lazy\" decoding=\"async\" class=\"alignnone wp-image-161\" src=\"http:\/\/saketmassage.se\/wp-content\/uploads\/2015\/02\/SAM_1283_1-200x300.jpg\" alt=\"SAMSUNG CSC\" width=\"200\" height=\"300\" srcset=\"https:\/\/saketmassage.se\/wp-content\/uploads\/2015\/02\/SAM_1283_1-200x300.jpg 200w, https:\/\/saketmassage.se\/wp-content\/uploads\/2015\/02\/SAM_1283_1-683x1024.jpg 683w, https:\/\/saketmassage.se\/wp-content\/uploads\/2015\/02\/SAM_1283_1.jpg 1984w\" sizes=\"auto, (max-width: 200px) 100vw, 200px\" \/><\/a><\/p>\n<p>&nbsp;<\/p>\n<p><a href=\"http:\/\/saketmassage.se\/wp-content\/uploads\/2015\/02\/IMG_5911.jpg\"><img loading=\"lazy\" decoding=\"async\" class=\"alignnone wp-image-154\" src=\"http:\/\/saketmassage.se\/wp-content\/uploads\/2015\/02\/IMG_5911-150x150.jpg\" alt=\"\" width=\"261\" height=\"261\" \/><\/a><a href=\"http:\/\/saketmassage.se\/wp-content\/uploads\/2015\/02\/IMG_1436.jpg\"><img loading=\"lazy\" decoding=\"async\" class=\"alignnone wp-image-177\" src=\"http:\/\/saketmassage.se\/wp-content\/uploads\/2015\/02\/IMG_1436-300x300.jpg\" alt=\"IMG_1436\" width=\"261\" height=\"261\" srcset=\"https:\/\/saketmassage.se\/wp-content\/uploads\/2015\/02\/IMG_1436-300x300.jpg 300w, https:\/\/saketmassage.se\/wp-content\/uploads\/2015\/02\/IMG_1436-150x150.jpg 150w, https:\/\/saketmassage.se\/wp-content\/uploads\/2015\/02\/IMG_1436.jpg 490w\" sizes=\"auto, (max-width: 261px) 100vw, 261px\" \/><\/a><\/p>\n<p><a href=\"http:\/\/saketmassage.se\/wp-content\/uploads\/2011\/10\/blomma.gif\"><img loading=\"lazy\" decoding=\"async\" class=\"alignnone size-medium wp-image-43\" src=\"http:\/\/saketmassage.se\/wp-content\/uploads\/2011\/10\/blomma-300x195.gif\" alt=\"blomma\" width=\"300\" height=\"195\" \/><\/a><\/p>\n<h1><strong><strong>Ring och boka tid p\u00e5 072-214 05 05!<\/strong><\/strong><\/h1>\n<h1><strong><span style=\"color: #003366;\">F\u00f6lj mig p\u00e5 Facebook! Ranee Pachanawan<\/span><\/strong><\/h1>\n<h1><strong><span style=\"color: #800080;\">Kom ih\u00e5g:<\/span><\/strong><\/h1>\n<ul>\n<li>\n<h5><strong><span style=\"color: #800080;\">L\u00e5ngvariga sm\u00e4rttillst\u00e5nd b\u00f6r alltid diagnostiseras av l\u00e4kare. <\/span><\/strong><\/h5>\n<\/li>\n<li>\n<h5><strong><span style=\"color: #800080;\">Om du \u00e4r sjuk, har feber eller en p\u00e5g\u00e5ende inflammation b\u00f6r du v\u00e4nta med massagen tills du blivit frisk. <\/span><\/strong><\/h5>\n<\/li>\n<li>\n<h5><strong><span style=\"color: #800080;\">Om du har eller har haft t.ex. hj\u00e4rtproblem, blodpropp eller stroke b\u00f6r du r\u00e5dg\u00f6ra med din l\u00e4kare innan du tar massage.<\/span><\/strong><\/h5>\n<\/li>\n<\/ul>\n<h1><strong><span style=\"color: #ff0000;\">Alla f\u00f6rs\u00f6k till sexuella n\u00e4rmanden polisanm\u00e4ls!<\/span><\/strong><\/h1>\n","protected":false},"excerpt":{"rendered":"<p>Hejsan! Jag heter Ranee och jag \u00e4r utbildad Thaimass\u00f6r med \u00f6ver 500 timmars utbildning och mer \u00e4n 10 \u00e5rs erfarenhet. Jag \u00e4lskar massage, d\u00e4rf\u00f6r vill jag ocks\u00e5 hj\u00e4lpa andra att f\u00e5 b\u00e4ttre v\u00e4lbefinnande. Kroppen beh\u00f6ver avslappning och blodcirkulation f\u00f6r att &hellip; <a href=\"https:\/\/saketmassage.se\/\">Forts\u00e4tt l\u00e4sa <span class=\"meta-nav\">&rarr;<\/span><\/a><\/p>\n","protected":false},"author":1,"featured_media":0,"parent":0,"menu_order":1,"comment_status":"closed","ping_status":"open","template":"","meta":{"footnotes":""},"class_list":["post-2","page","type-page","status-publish","hentry"],"_links":{"self":[{"href":"https:\/\/saketmassage.se\/index.php?rest_route=\/wp\/v2\/pages\/2","targetHints":{"allow":["GET"]}}],"collection":[{"href":"https:\/\/saketmassage.se\/index.php?rest_route=\/wp\/v2\/pages"}],"about":[{"href":"https:\/\/saketmassage.se\/index.php?rest_route=\/wp\/v2\/types\/page"}],"author":[{"embeddable":true,"href":"https:\/\/saketmassage.se\/index.php?rest_route=\/wp\/v2\/users\/1"}],"replies":[{"embeddable":true,"href":"https:\/\/saketmassage.se\/index.php?rest_route=%2Fwp%2Fv2%2Fcomments&post=2"}],"version-history":[{"count":99,"href":"https:\/\/saketmassage.se\/index.php?rest_route=\/wp\/v2\/pages\/2\/revisions"}],"predecessor-version":[{"id":526,"href":"https:\/\/saketmassage.se\/index.php?rest_route=\/wp\/v2\/pages\/2\/revisions\/526"}],"wp:attachment":[{"href":"https:\/\/saketmassage.se\/index.php?rest_route=%2Fwp%2Fv2%2Fmedia&parent=2"}],"curies":[{"name":"wp","href":"https:\/\/api.w.org\/{rel}","templated":true}]}}