{"id":19,"date":"2013-02-10T23:58:24","date_gmt":"2013-02-10T22:58:24","guid":{"rendered":"http:\/\/saketmassage.se\/?page_id=19"},"modified":"2024-12-30T22:41:12","modified_gmt":"2024-12-30T21:41:12","slug":"behandlingar","status":"publish","type":"page","link":"https:\/\/saketmassage.se\/?page_id=19","title":{"rendered":"Behandlingar"},"content":{"rendered":"<p>Ett urval av mina behandlingar:<\/p>\n<h2><strong><span style=\"color: #0000ff;\">Min popul\u00e4ra specialbehandling i 90 minuter f\u00f6r <del>1200:-<\/del> <span style=\"color: #ff0000;\">980:-<\/span> ! <\/span><\/strong><\/h2>\n<p><a href=\"http:\/\/saketmassage.se\/wp-content\/uploads\/2011\/10\/\u00d6rtmassage2.jpg\"><img loading=\"lazy\" decoding=\"async\" class=\" size-medium wp-image-42 alignleft\" src=\"http:\/\/saketmassage.se\/wp-content\/uploads\/2011\/10\/\u00d6rtmassage2-300x200.jpg\" alt=\"\u00d6rtmassage2\" width=\"300\" height=\"200\" srcset=\"https:\/\/saketmassage.se\/wp-content\/uploads\/2011\/10\/\u00d6rtmassage2-300x200.jpg 300w, https:\/\/saketmassage.se\/wp-content\/uploads\/2011\/10\/\u00d6rtmassage2.jpg 450w\" sizes=\"auto, (max-width: 300px) 100vw, 300px\" \/><\/a><strong>Helkroppsbehandling<\/strong><\/p>\n<p><em>Med traditionell v\u00e4lg\u00f6rande Thaimassage som l\u00f6ser upp muskelknutar och minskar sp\u00e4nningar, samt en avslappnande och mjukg\u00f6rande Aromaoljemassage, som avslutas med en sk\u00f6n Varm \u00f6rtbehandling f\u00f6r \u00f6kad cirkulation och v\u00e4lbefinnande i hela kroppen.<\/em><\/p>\n<p>&nbsp;<\/p>\n<p>&nbsp;<\/p>\n<p><a href=\"http:\/\/saketmassage.se\/wp-content\/uploads\/2015\/02\/SAM_1314.jpg\"><img loading=\"lazy\" decoding=\"async\" class=\" size-medium wp-image-180 alignleft\" src=\"http:\/\/saketmassage.se\/wp-content\/uploads\/2015\/02\/SAM_1314-300x200.jpg\" alt=\"SAMSUNG CSC\" width=\"300\" height=\"200\" srcset=\"https:\/\/saketmassage.se\/wp-content\/uploads\/2015\/02\/SAM_1314-300x200.jpg 300w, https:\/\/saketmassage.se\/wp-content\/uploads\/2015\/02\/SAM_1314-1024x683.jpg 1024w\" sizes=\"auto, (max-width: 300px) 100vw, 300px\" \/><\/a><strong>Helkroppsmassage<\/strong><\/p>\n<p><em>Traditionell Thaimassage. En v\u00e4lg\u00f6rande massage f\u00f6r hela kroppen, som l\u00f6ser upp muskelknutar och minskar sp\u00e4nningar.<\/em><br \/>\n<em> F\u00f6r dig som \u00e4r som \u00e4r v\u00e4ltr\u00e4nad kan jag erbjuda en h\u00e5rdare &#8221;Idrotts massage&#8221; behandling som effektivt mjukar upp sp\u00e4nda muskler.<\/em><\/p>\n<p style=\"padding-left: 330px;\"><strong>\u2022 30 min: <span style=\"color: #008000;\">450:-<\/span><\/strong><br \/>\n<strong>\u2022<\/strong> <strong>60 min: <span style=\"color: #008000;\">750:-<\/span><\/strong><br \/>\n<strong>\u2022 90 min: <span style=\"color: #008000;\">980:-<\/span> <del><\/del><\/strong><\/p>\n<p style=\"padding-left: 100px;\">\u00a0<a href=\"http:\/\/saketmassage.se\/wp-content\/uploads\/2015\/02\/SAM_1280.jpg\"><img loading=\"lazy\" decoding=\"async\" class=\" size-medium wp-image-160 alignleft\" src=\"http:\/\/saketmassage.se\/wp-content\/uploads\/2015\/02\/SAM_1280-200x300.jpg\" alt=\"SAMSUNG CSC\" width=\"200\" height=\"300\" srcset=\"https:\/\/saketmassage.se\/wp-content\/uploads\/2015\/02\/SAM_1280-200x300.jpg 200w, https:\/\/saketmassage.se\/wp-content\/uploads\/2015\/02\/SAM_1280-683x1024.jpg 683w, https:\/\/saketmassage.se\/wp-content\/uploads\/2015\/02\/SAM_1280.jpg 1984w\" sizes=\"auto, (max-width: 200px) 100vw, 200px\" \/><\/a><strong>Massage f\u00f6r Huvud, Nacke och Axlar<\/strong><\/p>\n<p style=\"padding-left: 90px;\"><em>En behandling som minskar sp\u00e4nningar i nacke och axlar, och lindrar sp\u00e4nningshuvudv\u00e4rk.<\/em><\/p>\n<p><strong>\u2022 30 min: <span style=\"color: #008000;\">450:-<\/span><del><\/del><\/strong><\/p>\n<p>&nbsp;<\/p>\n<p>&nbsp;<\/p>\n<p>&nbsp;<\/p>\n<p><strong>Varm \u00d6<\/strong><strong><a href=\"http:\/\/saketmassage.se\/wp-content\/uploads\/2015\/02\/IMG_2174.jpg\"><img loading=\"lazy\" decoding=\"async\" class=\" size-medium wp-image-179 alignleft\" src=\"http:\/\/saketmassage.se\/wp-content\/uploads\/2015\/02\/IMG_2174-300x225.jpg\" alt=\"IMG_2174\" width=\"300\" height=\"225\" srcset=\"https:\/\/saketmassage.se\/wp-content\/uploads\/2015\/02\/IMG_2174-300x225.jpg 300w, https:\/\/saketmassage.se\/wp-content\/uploads\/2015\/02\/IMG_2174.jpg 400w\" sizes=\"auto, (max-width: 300px) 100vw, 300px\" \/><\/a><\/strong><strong>rtkompressmassage<\/strong><\/p>\n<p><em>En avslappnande massage som avslutas med en sk\u00f6nt mjukg\u00f6rande behandling med varma kompresser (prakop), \u00a0fyllda med v\u00e4ldoftande \u00f6rter fr\u00e5n Thailand.<\/em><\/p>\n<p><strong>\u2022 60 min: <span style=\"color: #008000;\">800:-<del><\/del><\/span><\/strong><br \/>\n<strong>\u2022 90 min: <span style=\"color: #008000;\">1200:-<\/span><del><\/del><\/strong><br \/>\n<strong>\u2022 120 min: <span style=\"color: #008000;\">1500:-<\/span><del><\/del><\/strong><\/p>\n<p>&nbsp;<\/p>\n<p style=\"padding-left: 75px;\">\u00a0<a href=\"http:\/\/saketmassage.se\/wp-content\/uploads\/2015\/02\/SAM_1496_1.jpg\"><img loading=\"lazy\" decoding=\"async\" class=\" size-medium wp-image-162 alignleft\" src=\"http:\/\/saketmassage.se\/wp-content\/uploads\/2015\/02\/SAM_1496_1-225x300.jpg\" alt=\"SAMSUNG CSC\" width=\"225\" height=\"300\" srcset=\"https:\/\/saketmassage.se\/wp-content\/uploads\/2015\/02\/SAM_1496_1-225x300.jpg 225w, https:\/\/saketmassage.se\/wp-content\/uploads\/2015\/02\/SAM_1496_1-768x1024.jpg 768w, https:\/\/saketmassage.se\/wp-content\/uploads\/2015\/02\/SAM_1496_1.jpg 1756w\" sizes=\"auto, (max-width: 225px) 100vw, 225px\" \/><\/a><strong>Fotmassage<\/strong><\/p>\n<p><em>Fotmassagen inleds med ett fotbad och en\u00a0 h\u00e4rligt avslappnande aromaoljemassage av f\u00f6tter, vader och kn\u00e4n. Det hela avslutas med en uppiggande massage av nacke, axlar och huvud.<\/em><\/p>\n<p>I fotmassagen ing\u00e5r en v\u00e4ldoftande och mjukg\u00f6rande Aromaolja.<\/p>\n<p><strong>\u2022 45 min: <span style=\"color: #008000;\">600:-<br \/>\n<span style=\"color: #000000;\">\u2022 60 min:<\/span> 750:-<br \/>\n<\/span><del><\/del><\/strong><\/p>\n<h6><\/h6>\n<h6><\/h6>\n<p><a href=\"http:\/\/saketmassage.se\/wp-content\/uploads\/2013\/02\/IMG_1434.jpg\"><img loading=\"lazy\" decoding=\"async\" class=\" size-medium wp-image-181 alignleft\" src=\"http:\/\/saketmassage.se\/wp-content\/uploads\/2013\/02\/IMG_1434-300x230.jpg\" alt=\"IMG_1434\" width=\"300\" height=\"230\" srcset=\"https:\/\/saketmassage.se\/wp-content\/uploads\/2013\/02\/IMG_1434-300x230.jpg 300w, https:\/\/saketmassage.se\/wp-content\/uploads\/2013\/02\/IMG_1434.jpg 429w\" sizes=\"auto, (max-width: 300px) 100vw, 300px\" \/><\/a><strong>Aromaoljemassage<\/strong><\/p>\n<blockquote><p>En h\u00e4rligt mjuk helkroppsbehandling med v\u00e4ldoftande aromaoljor, som g\u00f6r huden len och hela kroppen sk\u00f6nt avslappnad.<\/p>\n<p><strong>\u2022 30 min: <span style=\"color: #008000;\">450:-<del><\/del><\/span><\/strong><br \/>\n<strong>\u2022 60 min: <span style=\"color: #008000;\">750:-<br \/>\n<span style=\"color: #000000;\">\u2022 90 min:<\/span> 980:-<br \/>\n<\/span><del><\/del><\/strong><\/p><\/blockquote>\n<h6><\/h6>\n<p><a href=\"http:\/\/saketmassage.se\/wp-content\/uploads\/2013\/02\/IMG_21701.jpg\"><img loading=\"lazy\" decoding=\"async\" class=\" size-medium wp-image-182 alignleft\" src=\"http:\/\/saketmassage.se\/wp-content\/uploads\/2013\/02\/IMG_21701-300x259.jpg\" alt=\"IMG_2170(1)\" width=\"300\" height=\"259\" srcset=\"https:\/\/saketmassage.se\/wp-content\/uploads\/2013\/02\/IMG_21701-300x259.jpg 300w, https:\/\/saketmassage.se\/wp-content\/uploads\/2013\/02\/IMG_21701.jpg 350w\" sizes=\"auto, (max-width: 300px) 100vw, 300px\" \/><\/a><strong>Ansiktsmassage<\/strong><\/p>\n<blockquote><p>Sk\u00f6nt avstressande ansiktsmassage med milt reng\u00f6rande Biotherm produkter och ansiktsmask, som avslutas med en avslappnande massage av nacke, axlar och huvud.<\/p>\n<p><strong>\u00a0\u2022 60 min: <span style=\"color: #008000;\">980:-<\/span><br \/>\n<\/strong><\/p><\/blockquote>\n<h6><\/h6>\n<p>Jag bjuder p\u00e5 en god och st\u00e4rkande kopp \u00f6rtt\u00e9 efter behandlingen.<\/p>\n<h2><strong><span style=\"color: #800000;\">Ring och boka tid p\u00e5 072-214 05 05!<\/span><\/strong><\/h2>\n<p><!-- [if gte mso 9]><xml>\n<w:LatentStyles DefLockedState=\"false\" DefUnhideWhenUsed=\"true\" DefSemiHidden=\"true\" DefQFormat=\"false\" DefPriority=\"99\" LatentStyleCount=\"267\">\n<w:LsdException Locked=\"false\" Priority=\"0\" SemiHidden=\"false\" UnhideWhenUsed=\"false\" QFormat=\"true\" Name=\"Normal\"\/>\n<w:LsdException Locked=\"false\" Priority=\"9\" SemiHidden=\"false\" UnhideWhenUsed=\"false\" QFormat=\"true\" Name=\"heading 1\"\/>\n<w:LsdException Locked=\"false\" Priority=\"9\" QFormat=\"true\" Name=\"heading 2\"\/>\n<w:LsdException Locked=\"false\" Priority=\"9\" QFormat=\"true\" Name=\"heading 3\"\/>\n<w:LsdException Locked=\"false\" Priority=\"9\" QFormat=\"true\" Name=\"heading 4\"\/>\n<w:LsdException Locked=\"false\" Priority=\"9\" QFormat=\"true\" Name=\"heading 5\"\/>\n<w:LsdException Locked=\"false\" Priority=\"9\" QFormat=\"true\" Name=\"heading 6\"\/>\n<w:LsdException Locked=\"false\" Priority=\"9\" QFormat=\"true\" Name=\"heading 7\"\/>\n<w:LsdException Locked=\"false\" Priority=\"9\" QFormat=\"true\" Name=\"heading 8\"\/>\n<w:LsdException Locked=\"false\" Priority=\"9\" QFormat=\"true\" Name=\"heading 9\"\/>\n<w:LsdException Locked=\"false\" Priority=\"39\" Name=\"toc 1\"\/>\n<w:LsdException Locked=\"false\" Priority=\"39\" Name=\"toc 2\"\/>\n<w:LsdException Locked=\"false\" Priority=\"39\" Name=\"toc 3\"\/>\n<w:LsdException Locked=\"false\" Priority=\"39\" Name=\"toc 4\"\/>\n<w:LsdException Locked=\"false\" Priority=\"39\" Name=\"toc 5\"\/>\n<w:LsdException Locked=\"false\" Priority=\"39\" Name=\"toc 6\"\/>\n<w:LsdException Locked=\"false\" Priority=\"39\" Name=\"toc 7\"\/>\n<w:LsdException Locked=\"false\" Priority=\"39\" Name=\"toc 8\"\/>\n<w:LsdException Locked=\"false\" Priority=\"39\" Name=\"toc 9\"\/>\n<w:LsdException Locked=\"false\" Priority=\"35\" QFormat=\"true\" Name=\"caption\"\/>\n<w:LsdException Locked=\"false\" Priority=\"10\" SemiHidden=\"false\" UnhideWhenUsed=\"false\" QFormat=\"true\" Name=\"Title\"\/>\n<w:LsdException Locked=\"false\" Priority=\"1\" Name=\"Default Paragraph Font\"\/>\n<w:LsdException Locked=\"false\" Priority=\"11\" SemiHidden=\"false\" UnhideWhenUsed=\"false\" QFormat=\"true\" Name=\"Subtitle\"\/>\n<w:LsdException Locked=\"false\" Priority=\"22\" SemiHidden=\"false\" UnhideWhenUsed=\"false\" QFormat=\"true\" Name=\"Strong\"\/>\n<w:LsdException Locked=\"false\" Priority=\"20\" SemiHidden=\"false\" UnhideWhenUsed=\"false\" QFormat=\"true\" Name=\"Emphasis\"\/>\n<w:LsdException Locked=\"false\" Priority=\"59\" SemiHidden=\"false\" UnhideWhenUsed=\"false\" Name=\"Table Grid\"\/>\n<w:LsdException Locked=\"false\" UnhideWhenUsed=\"false\" Name=\"Placeholder Text\"\/>\n<w:LsdException Locked=\"false\" Priority=\"1\" SemiHidden=\"false\" UnhideWhenUsed=\"false\" QFormat=\"true\" Name=\"No Spacing\"\/>\n<w:LsdException Locked=\"false\" Priority=\"60\" SemiHidden=\"false\" UnhideWhenUsed=\"false\" Name=\"Light Shading\"\/>\n<w:LsdException Locked=\"false\" Priority=\"61\" SemiHidden=\"false\" UnhideWhenUsed=\"false\" Name=\"Light List\"\/>\n<w:LsdException Locked=\"false\" Priority=\"62\" SemiHidden=\"false\" UnhideWhenUsed=\"false\" Name=\"Light Grid\"\/>\n<w:LsdException Locked=\"false\" Priority=\"63\" SemiHidden=\"false\" UnhideWhenUsed=\"false\" Name=\"Medium Shading 1\"\/>\n<w:LsdException Locked=\"false\" Priority=\"64\" SemiHidden=\"false\" UnhideWhenUsed=\"false\" Name=\"Medium Shading 2\"\/>\n<w:LsdException Locked=\"false\" Priority=\"65\" SemiHidden=\"false\" UnhideWhenUsed=\"false\" Name=\"Medium List 1\"\/>\n<w:LsdException Locked=\"false\" Priority=\"66\" SemiHidden=\"false\" UnhideWhenUsed=\"false\" Name=\"Medium List 2\"\/>\n<w:LsdException Locked=\"false\" Priority=\"67\" SemiHidden=\"false\" UnhideWhenUsed=\"false\" Name=\"Medium Grid 1\"\/>\n<w:LsdException Locked=\"false\" Priority=\"68\" SemiHidden=\"false\" UnhideWhenUsed=\"false\" Name=\"Medium Grid 2\"\/>\n<w:LsdException Locked=\"false\" Priority=\"69\" SemiHidden=\"false\" UnhideWhenUsed=\"false\" Name=\"Medium Grid 3\"\/>\n<w:LsdException Locked=\"false\" Priority=\"70\" SemiHidden=\"false\" UnhideWhenUsed=\"false\" Name=\"Dark List\"\/>\n<w:LsdException Locked=\"false\" Priority=\"71\" SemiHidden=\"false\" UnhideWhenUsed=\"false\" Name=\"Colorful Shading\"\/>\n<w:LsdException Locked=\"false\" Priority=\"72\" SemiHidden=\"false\" UnhideWhenUsed=\"false\" Name=\"Colorful List\"\/>\n<w:LsdException Locked=\"false\" Priority=\"73\" SemiHidden=\"false\" UnhideWhenUsed=\"false\" Name=\"Colorful Grid\"\/>\n<w:LsdException Locked=\"false\" Priority=\"60\" SemiHidden=\"false\" UnhideWhenUsed=\"false\" Name=\"Light Shading Accent 1\"\/>\n<w:LsdException Locked=\"false\" Priority=\"61\" SemiHidden=\"false\" UnhideWhenUsed=\"false\" Name=\"Light List Accent 1\"\/>\n<w:LsdException Locked=\"false\" Priority=\"62\" SemiHidden=\"false\" UnhideWhenUsed=\"false\" Name=\"Light Grid Accent 1\"\/>\n<w:LsdException Locked=\"false\" Priority=\"63\" SemiHidden=\"false\" UnhideWhenUsed=\"false\" Name=\"Medium Shading 1 Accent 1\"\/>\n<w:LsdException Locked=\"false\" Priority=\"64\" SemiHidden=\"false\" UnhideWhenUsed=\"false\" Name=\"Medium Shading 2 Accent 1\"\/>\n<w:LsdException Locked=\"false\" Priority=\"65\" SemiHidden=\"false\" UnhideWhenUsed=\"false\" Name=\"Medium List 1 Accent 1\"\/>\n<w:LsdException Locked=\"false\" UnhideWhenUsed=\"false\" Name=\"Revision\"\/>\n<w:LsdException Locked=\"false\" Priority=\"34\" SemiHidden=\"false\" UnhideWhenUsed=\"false\" QFormat=\"true\" Name=\"List Paragraph\"\/>\n<w:LsdException Locked=\"false\" Priority=\"29\" SemiHidden=\"false\" UnhideWhenUsed=\"false\" QFormat=\"true\" Name=\"Quote\"\/>\n<w:LsdException Locked=\"false\" Priority=\"30\" SemiHidden=\"false\" UnhideWhenUsed=\"false\" QFormat=\"true\" Name=\"Intense Quote\"\/>\n<w:LsdException Locked=\"false\" Priority=\"66\" SemiHidden=\"false\" UnhideWhenUsed=\"false\" Name=\"Medium List 2 Accent 1\"\/>\n<w:LsdException Locked=\"false\" Priority=\"67\" SemiHidden=\"false\" UnhideWhenUsed=\"false\" Name=\"Medium Grid 1 Accent 1\"\/>\n<w:LsdException Locked=\"false\" Priority=\"68\" SemiHidden=\"false\" UnhideWhenUsed=\"false\" Name=\"Medium Grid 2 Accent 1\"\/>\n<w:LsdException Locked=\"false\" Priority=\"69\" SemiHidden=\"false\" UnhideWhenUsed=\"false\" Name=\"Medium Grid 3 Accent 1\"\/>\n<w:LsdException Locked=\"false\" Priority=\"70\" SemiHidden=\"false\" UnhideWhenUsed=\"false\" Name=\"Dark List Accent 1\"\/>\n<w:LsdException Locked=\"false\" Priority=\"71\" SemiHidden=\"false\" UnhideWhenUsed=\"false\" Name=\"Colorful Shading Accent 1\"\/>\n<w:LsdException Locked=\"false\" Priority=\"72\" SemiHidden=\"false\" UnhideWhenUsed=\"false\" Name=\"Colorful List Accent 1\"\/>\n<w:LsdException Locked=\"false\" Priority=\"73\" SemiHidden=\"false\" UnhideWhenUsed=\"false\" Name=\"Colorful Grid Accent 1\"\/>\n<w:LsdException Locked=\"false\" Priority=\"60\" SemiHidden=\"false\" UnhideWhenUsed=\"false\" Name=\"Light Shading Accent 2\"\/>\n<w:LsdException Locked=\"false\" Priority=\"61\" SemiHidden=\"false\" UnhideWhenUsed=\"false\" Name=\"Light List Accent 2\"\/>\n<w:LsdException Locked=\"false\" Priority=\"62\" SemiHidden=\"false\" UnhideWhenUsed=\"false\" Name=\"Light Grid Accent 2\"\/>\n<w:LsdException Locked=\"false\" Priority=\"63\" SemiHidden=\"false\" UnhideWhenUsed=\"false\" Name=\"Medium Shading 1 Accent 2\"\/>\n<w:LsdException Locked=\"false\" Priority=\"64\" SemiHidden=\"false\" UnhideWhenUsed=\"false\" Name=\"Medium Shading 2 Accent 2\"\/>\n<w:LsdException Locked=\"false\" Priority=\"65\" SemiHidden=\"false\" UnhideWhenUsed=\"false\" Name=\"Medium List 1 Accent 2\"\/>\n<w:LsdException Locked=\"false\" Priority=\"66\" SemiHidden=\"false\" UnhideWhenUsed=\"false\" Name=\"Medium List 2 Accent 2\"\/>\n<w:LsdException Locked=\"false\" Priority=\"67\" SemiHidden=\"false\" UnhideWhenUsed=\"false\" Name=\"Medium Grid 1 Accent 2\"\/>\n<w:LsdException Locked=\"false\" Priority=\"68\" SemiHidden=\"false\" UnhideWhenUsed=\"false\" Name=\"Medium Grid 2 Accent 2\"\/>\n<w:LsdException Locked=\"false\" Priority=\"69\" SemiHidden=\"false\" UnhideWhenUsed=\"false\" Name=\"Medium Grid 3 Accent 2\"\/>\n<w:LsdException Locked=\"false\" Priority=\"70\" SemiHidden=\"false\" UnhideWhenUsed=\"false\" Name=\"Dark List Accent 2\"\/>\n<w:LsdException Locked=\"false\" Priority=\"71\" SemiHidden=\"false\" UnhideWhenUsed=\"false\" Name=\"Colorful Shading Accent 2\"\/>\n<w:LsdException Locked=\"false\" Priority=\"72\" SemiHidden=\"false\" UnhideWhenUsed=\"false\" Name=\"Colorful List Accent 2\"\/>\n<w:LsdException Locked=\"false\" Priority=\"73\" SemiHidden=\"false\" UnhideWhenUsed=\"false\" Name=\"Colorful Grid Accent 2\"\/>\n<w:LsdException Locked=\"false\" Priority=\"60\" SemiHidden=\"false\" UnhideWhenUsed=\"false\" Name=\"Light Shading Accent 3\"\/>\n<w:LsdException Locked=\"false\" Priority=\"61\" SemiHidden=\"false\" UnhideWhenUsed=\"false\" Name=\"Light List Accent 3\"\/>\n<w:LsdException Locked=\"false\" Priority=\"62\" SemiHidden=\"false\" UnhideWhenUsed=\"false\" Name=\"Light Grid Accent 3\"\/>\n<w:LsdException Locked=\"false\" Priority=\"63\" SemiHidden=\"false\" UnhideWhenUsed=\"false\" Name=\"Medium Shading 1 Accent 3\"\/>\n<w:LsdException Locked=\"false\" Priority=\"64\" SemiHidden=\"false\" UnhideWhenUsed=\"false\" Name=\"Medium Shading 2 Accent 3\"\/>\n<w:LsdException Locked=\"false\" Priority=\"65\" SemiHidden=\"false\" UnhideWhenUsed=\"false\" Name=\"Medium List 1 Accent 3\"\/>\n<w:LsdException Locked=\"false\" Priority=\"66\" SemiHidden=\"false\" UnhideWhenUsed=\"false\" Name=\"Medium List 2 Accent 3\"\/>\n<w:LsdException Locked=\"false\" Priority=\"67\" SemiHidden=\"false\" UnhideWhenUsed=\"false\" Name=\"Medium Grid 1 Accent 3\"\/>\n<w:LsdException Locked=\"false\" Priority=\"68\" SemiHidden=\"false\" UnhideWhenUsed=\"false\" Name=\"Medium Grid 2 Accent 3\"\/>\n<w:LsdException Locked=\"false\" Priority=\"69\" SemiHidden=\"false\" UnhideWhenUsed=\"false\" Name=\"Medium Grid 3 Accent 3\"\/>\n<w:LsdException Locked=\"false\" Priority=\"70\" SemiHidden=\"false\" UnhideWhenUsed=\"false\" Name=\"Dark List Accent 3\"\/>\n<w:LsdException Locked=\"false\" Priority=\"71\" SemiHidden=\"false\" UnhideWhenUsed=\"false\" Name=\"Colorful Shading Accent 3\"\/>\n<w:LsdException Locked=\"false\" Priority=\"72\" SemiHidden=\"false\" UnhideWhenUsed=\"false\" Name=\"Colorful List Accent 3\"\/>\n<w:LsdException Locked=\"false\" Priority=\"73\" SemiHidden=\"false\" UnhideWhenUsed=\"false\" Name=\"Colorful Grid Accent 3\"\/>\n<w:LsdException Locked=\"false\" Priority=\"60\" SemiHidden=\"false\" UnhideWhenUsed=\"false\" Name=\"Light Shading Accent 4\"\/>\n<w:LsdException Locked=\"false\" Priority=\"61\" SemiHidden=\"false\" UnhideWhenUsed=\"false\" Name=\"Light List Accent 4\"\/>\n<w:LsdException Locked=\"false\" Priority=\"62\" SemiHidden=\"false\" UnhideWhenUsed=\"false\" Name=\"Light Grid Accent 4\"\/>\n<w:LsdException Locked=\"false\" Priority=\"63\" SemiHidden=\"false\" UnhideWhenUsed=\"false\" Name=\"Medium Shading 1 Accent 4\"\/>\n<w:LsdException Locked=\"false\" Priority=\"64\" SemiHidden=\"false\" UnhideWhenUsed=\"false\" Name=\"Medium Shading 2 Accent 4\"\/>\n<w:LsdException Locked=\"false\" Priority=\"65\" SemiHidden=\"false\" UnhideWhenUsed=\"false\" Name=\"Medium List 1 Accent 4\"\/>\n<w:LsdException Locked=\"false\" Priority=\"66\" SemiHidden=\"false\" UnhideWhenUsed=\"false\" Name=\"Medium List 2 Accent 4\"\/>\n<w:LsdException Locked=\"false\" Priority=\"67\" SemiHidden=\"false\" UnhideWhenUsed=\"false\" Name=\"Medium Grid 1 Accent 4\"\/>\n<w:LsdException Locked=\"false\" Priority=\"68\" SemiHidden=\"false\" UnhideWhenUsed=\"false\" Name=\"Medium Grid 2 Accent 4\"\/>\n<w:LsdException Locked=\"false\" Priority=\"69\" SemiHidden=\"false\" UnhideWhenUsed=\"false\" Name=\"Medium Grid 3 Accent 4\"\/>\n<w:LsdException Locked=\"false\" Priority=\"70\" SemiHidden=\"false\" UnhideWhenUsed=\"false\" Name=\"Dark List Accent 4\"\/>\n<w:LsdException Locked=\"false\" Priority=\"71\" SemiHidden=\"false\" UnhideWhenUsed=\"false\" Name=\"Colorful Shading Accent 4\"\/>\n<w:LsdException Locked=\"false\" Priority=\"72\" SemiHidden=\"false\" UnhideWhenUsed=\"false\" Name=\"Colorful List Accent 4\"\/>\n<w:LsdException Locked=\"false\" Priority=\"73\" SemiHidden=\"false\" UnhideWhenUsed=\"false\" Name=\"Colorful Grid Accent 4\"\/>\n<w:LsdException Locked=\"false\" Priority=\"60\" SemiHidden=\"false\" UnhideWhenUsed=\"false\" Name=\"Light Shading Accent 5\"\/>\n<w:LsdException Locked=\"false\" Priority=\"61\" SemiHidden=\"false\" UnhideWhenUsed=\"false\" Name=\"Light List Accent 5\"\/>\n<w:LsdException Locked=\"false\" Priority=\"62\" SemiHidden=\"false\" UnhideWhenUsed=\"false\" Name=\"Light Grid Accent 5\"\/>\n<w:LsdException Locked=\"false\" Priority=\"63\" SemiHidden=\"false\" UnhideWhenUsed=\"false\" Name=\"Medium Shading 1 Accent 5\"\/>\n<w:LsdException Locked=\"false\" Priority=\"64\" SemiHidden=\"false\" UnhideWhenUsed=\"false\" Name=\"Medium Shading 2 Accent 5\"\/>\n<w:LsdException Locked=\"false\" Priority=\"65\" SemiHidden=\"false\" UnhideWhenUsed=\"false\" Name=\"Medium List 1 Accent 5\"\/>\n<w:LsdException Locked=\"false\" Priority=\"66\" SemiHidden=\"false\" UnhideWhenUsed=\"false\" Name=\"Medium List 2 Accent 5\"\/>\n<w:LsdException Locked=\"false\" Priority=\"67\" SemiHidden=\"false\" UnhideWhenUsed=\"false\" Name=\"Medium Grid 1 Accent 5\"\/>\n<w:LsdException Locked=\"false\" Priority=\"68\" SemiHidden=\"false\" UnhideWhenUsed=\"false\" Name=\"Medium Grid 2 Accent 5\"\/>\n<w:LsdException Locked=\"false\" Priority=\"69\" SemiHidden=\"false\" UnhideWhenUsed=\"false\" Name=\"Medium Grid 3 Accent 5\"\/>\n<w:LsdException Locked=\"false\" Priority=\"70\" SemiHidden=\"false\" UnhideWhenUsed=\"false\" Name=\"Dark List Accent 5\"\/>\n<w:LsdException Locked=\"false\" Priority=\"71\" SemiHidden=\"false\" UnhideWhenUsed=\"false\" Name=\"Colorful Shading Accent 5\"\/>\n<w:LsdException Locked=\"false\" Priority=\"72\" SemiHidden=\"false\" UnhideWhenUsed=\"false\" Name=\"Colorful List Accent 5\"\/>\n<w:LsdException Locked=\"false\" Priority=\"73\" SemiHidden=\"false\" UnhideWhenUsed=\"false\" Name=\"Colorful Grid Accent 5\"\/>\n<w:LsdException Locked=\"false\" Priority=\"60\" SemiHidden=\"false\" UnhideWhenUsed=\"false\" Name=\"Light Shading Accent 6\"\/>\n<w:LsdException Locked=\"false\" Priority=\"61\" SemiHidden=\"false\" UnhideWhenUsed=\"false\" Name=\"Light List Accent 6\"\/>\n<w:LsdException Locked=\"false\" Priority=\"62\" SemiHidden=\"false\" UnhideWhenUsed=\"false\" Name=\"Light Grid Accent 6\"\/>\n<w:LsdException Locked=\"false\" Priority=\"63\" SemiHidden=\"false\" UnhideWhenUsed=\"false\" Name=\"Medium Shading 1 Accent 6\"\/>\n<w:LsdException Locked=\"false\" Priority=\"64\" SemiHidden=\"false\" UnhideWhenUsed=\"false\" Name=\"Medium Shading 2 Accent 6\"\/>\n<w:LsdException Locked=\"false\" Priority=\"65\" SemiHidden=\"false\" UnhideWhenUsed=\"false\" Name=\"Medium List 1 Accent 6\"\/>\n<w:LsdException Locked=\"false\" Priority=\"66\" SemiHidden=\"false\" UnhideWhenUsed=\"false\" Name=\"Medium List 2 Accent 6\"\/>\n<w:LsdException Locked=\"false\" Priority=\"67\" SemiHidden=\"false\" UnhideWhenUsed=\"false\" Name=\"Medium Grid 1 Accent 6\"\/>\n<w:LsdException Locked=\"false\" Priority=\"68\" SemiHidden=\"false\" UnhideWhenUsed=\"false\" Name=\"Medium Grid 2 Accent 6\"\/>\n<w:LsdException Locked=\"false\" Priority=\"69\" SemiHidden=\"false\" UnhideWhenUsed=\"false\" Name=\"Medium Grid 3 Accent 6\"\/>\n<w:LsdException Locked=\"false\" Priority=\"70\" SemiHidden=\"false\" UnhideWhenUsed=\"false\" Name=\"Dark List Accent 6\"\/>\n<w:LsdException Locked=\"false\" Priority=\"71\" SemiHidden=\"false\" UnhideWhenUsed=\"false\" Name=\"Colorful Shading Accent 6\"\/>\n<w:LsdException Locked=\"false\" Priority=\"72\" SemiHidden=\"false\" UnhideWhenUsed=\"false\" Name=\"Colorful List Accent 6\"\/>\n<w:LsdException Locked=\"false\" Priority=\"73\" SemiHidden=\"false\" UnhideWhenUsed=\"false\" Name=\"Colorful Grid Accent 6\"\/>\n<w:LsdException Locked=\"false\" Priority=\"19\" SemiHidden=\"false\" UnhideWhenUsed=\"false\" QFormat=\"true\" Name=\"Subtle Emphasis\"\/>\n<w:LsdException Locked=\"false\" Priority=\"21\" SemiHidden=\"false\" UnhideWhenUsed=\"false\" QFormat=\"true\" Name=\"Intense Emphasis\"\/>\n<w:LsdException Locked=\"false\" Priority=\"31\" SemiHidden=\"false\" UnhideWhenUsed=\"false\" QFormat=\"true\" Name=\"Subtle Reference\"\/>\n<w:LsdException Locked=\"false\" Priority=\"32\" SemiHidden=\"false\" UnhideWhenUsed=\"false\" QFormat=\"true\" Name=\"Intense Reference\"\/>\n<w:LsdException Locked=\"false\" Priority=\"33\" SemiHidden=\"false\" UnhideWhenUsed=\"false\" QFormat=\"true\" Name=\"Book Title\"\/>\n<w:LsdException Locked=\"false\" Priority=\"37\" Name=\"Bibliography\"\/>\n<w:LsdException Locked=\"false\" Priority=\"39\" QFormat=\"true\" Name=\"TOC Heading\"\/>\n<\/w:LatentStyles>\n<\/xml><![endif]--><!-- [if gte mso 10]>\n\n\n\n<style>\n \/* Style Definitions *\/<br \/>table.MsoNormalTable<br \/>{mso-style-name:\"Table Normal\";<br \/>mso-tstyle-rowband-size:0;<br \/>mso-tstyle-colband-size:0;<br \/>mso-style-noshow:yes;<br \/>mso-style-priority:99;<br \/>mso-style-qformat:yes;<br \/>mso-style-parent:\"\";<br \/>mso-padding-alt:0cm 5.4pt 0cm 5.4pt;<br \/>mso-para-margin:0cm;<br \/>mso-para-margin-bottom:.0001pt;<br \/>mso-pagination:none;<br \/>mso-hyphenate:none;<br \/>text-autospace:ideograph-other;<br \/>font-size:12.0pt;<br \/>font-family:\"Times New Roman\",\"serif\";<br \/>mso-bidi-font-family:Mangal;<br \/>mso-font-kerning:1.5pt;<br \/>mso-fareast-language:ZH-CN;<br \/>mso-bidi-language:HI;}<br \/><\/style>\n\n<![endif]--><\/p>\n","protected":false},"excerpt":{"rendered":"<p>Ett urval av mina behandlingar: Min popul\u00e4ra specialbehandling i 90 minuter f\u00f6r 1200:- 980:- ! Helkroppsbehandling Med traditionell v\u00e4lg\u00f6rande Thaimassage som l\u00f6ser upp muskelknutar och minskar sp\u00e4nningar, samt en avslappnande och mjukg\u00f6rande Aromaoljemassage, som avslutas med en sk\u00f6n Varm \u00f6rtbehandling &hellip; <a href=\"https:\/\/saketmassage.se\/?page_id=19\">Forts\u00e4tt l\u00e4sa <span class=\"meta-nav\">&rarr;<\/span><\/a><\/p>\n","protected":false},"author":1,"featured_media":0,"parent":0,"menu_order":2,"comment_status":"closed","ping_status":"open","template":"","meta":{"footnotes":""},"class_list":["post-19","page","type-page","status-publish","hentry"],"_links":{"self":[{"href":"https:\/\/saketmassage.se\/index.php?rest_route=\/wp\/v2\/pages\/19","targetHints":{"allow":["GET"]}}],"collection":[{"href":"https:\/\/saketmassage.se\/index.php?rest_route=\/wp\/v2\/pages"}],"about":[{"href":"https:\/\/saketmassage.se\/index.php?rest_route=\/wp\/v2\/types\/page"}],"author":[{"embeddable":true,"href":"https:\/\/saketmassage.se\/index.php?rest_route=\/wp\/v2\/users\/1"}],"replies":[{"embeddable":true,"href":"https:\/\/saketmassage.se\/index.php?rest_route=%2Fwp%2Fv2%2Fcomments&post=19"}],"version-history":[{"count":50,"href":"https:\/\/saketmassage.se\/index.php?rest_route=\/wp\/v2\/pages\/19\/revisions"}],"predecessor-version":[{"id":504,"href":"https:\/\/saketmassage.se\/index.php?rest_route=\/wp\/v2\/pages\/19\/revisions\/504"}],"wp:attachment":[{"href":"https:\/\/saketmassage.se\/index.php?rest_route=%2Fwp%2Fv2%2Fmedia&parent=19"}],"curies":[{"name":"wp","href":"https:\/\/api.w.org\/{rel}","templated":true}]}}